{"id":3931,"date":"2013-02-18T14:56:16","date_gmt":"2013-02-18T19:56:16","guid":{"rendered":"http:\/\/spec.lib.miamioh.edu\/?page_id=3931"},"modified":"2026-04-08T16:24:31","modified_gmt":"2026-04-08T20:24:31","slug":"usigli","status":"publish","type":"page","link":"https:\/\/spec.lib.miamioh.edu\/home\/usigli\/","title":{"rendered":"Rodolfo Usigli Archive"},"content":{"rendered":"<div id=\"attachment_3932\" style=\"width: 225px\" class=\"wp-caption alignleft\"><a href=\"http:\/\/spec.lib.miamioh.edu\/wp-content\/uploads\/2013\/02\/usigli.jpg\"><img loading=\"lazy\" decoding=\"async\" aria-describedby=\"caption-attachment-3932\" class=\" wp-image-3932\" src=\"http:\/\/spec.lib.miamioh.edu\/wp-content\/uploads\/2013\/02\/usigli-226x300.jpg\" alt=\"Rodolfo Usigli\" width=\"215\" height=\"285\" srcset=\"https:\/\/spec.lib.miamioh.edu\/home\/wp-content\/uploads\/2013\/02\/usigli-226x300.jpg 226w, https:\/\/spec.lib.miamioh.edu\/home\/wp-content\/uploads\/2013\/02\/usigli-773x1024.jpg 773w\" sizes=\"auto, (max-width: 215px) 100vw, 215px\" \/><\/a><p id=\"caption-attachment-3932\" class=\"wp-caption-text\">Rodolfo Usigli (1905-1979), Mexican playwright, novelist, essayist and diplomat, father of modern Mexican theater.<\/p><\/div>\n<p><b>ABOUT THE COLLECTION<\/b><\/p>\n<p>The Usigli Archive is a repository of the papers of Rodolfo Usigli (1905-1979), Mexican playwright, essayist and diplomat. The Archive is the definitive research collection relating to Usigli&#8217;s life and career, including correspondence, both manuscript and typed drafts of original plays and translations of works by other artists, personal, theatrical, and diplomatic photographs, essays, books, playbills, posters, theses written about Usigli, awards, newspaper and magazine articles, memorabilia, and ephemera. The correspondence includes letters to and from George Bernard Shaw, Jos\u00e9 Clemente Orozco, Octavio Paz and many others. The Archive also includes rare materials such as Usigli&#8217;s unpublished poems, plays and short stories and the correspondence between Usigli and Diego Rivera regarding their joint efforts to publicize Andr\u00e9 Breton&#8217;s lectures during the 1938 Surrealist Week in Mexico City. The Archive has not only copies of Breton&#8217;s lectures, which Usigli translated for the occasion, but also a rare print of Rivera&#8217;s poster &#8220;Communicating Vessels (Homage to Andr\u00e9 Breton)&#8221; and a broadsheet with the famous &#8220;Manifesto for an Independent Revolutionary Art!&#8221; both produced as a result of the visit by Breton.<\/p>\n<p><strong>LANGUAGES<\/strong><br \/>Spanish, French, English, and German<\/p>\n<p><strong>FINDING AIDS<\/strong><br \/><a href=\"https:\/\/spec.lib.miamioh.edu\/home\/wp-content\/uploads\/2026\/04\/Usigli-Archive-Correspondence-Finding-Aid-Remediated.pdf\">Rodolfo Usigli Archive: Correspondence (pdf)<\/a><br \/><a href=\"https:\/\/spec.lib.miamioh.edu\/home\/wp-content\/uploads\/2026\/04\/Usigli-Archive-Papers-Finding-Aid-Remediated.pdf\">Rodolfo Usigli Archive: Papers (pdf)<\/a><\/p>\n<p><strong>EXHIBIT BROCHURE<\/strong><br \/><a title=\"Apostle of Mexican Drama\" href=\"http:\/\/spec.lib.miamioh.edu\/wp-content\/uploads\/2013\/02\/Usigli-brochure.pdf\" target=\"_blank\" rel=\"noopener noreferrer\">Rodolfo Usigli: Apostle of Mexican Drama (pdf)<\/a><\/p>\n<p><strong>LINKS<\/strong><br \/><a href=\"http:\/\/www.citru.bellasartes.gob.mx\/\">Centro Nacional de Investigaci\u00f3n, Documentaci\u00f3n e Informaci\u00f3n Teatral Rodolfo Usigli (CITRU)<\/a><br \/><a title=\"\" href=\"http:\/\/www.cervantesvirtual.com\/portales\/rodolfo_usigli\/\" target=\"_blank\" rel=\"noopener noreferrer\">Rodolfo Usigli at the Miguel de Cervantes Virtual Library<\/a><br \/><b><\/b><\/p>\n<p><b>RODOLFO USIGLI AND GEORGE BERNARD SHAW MEET<\/b><\/p>\n<p>Usigli had the opportunity to meet with one of his literary idols, George Bernard Shaw, in 1945. He first wrote Shaw to arrange a meeting when he stopped in London on his way to Paris where he was working as an undersecretary in the Mexican embassy. The two were unable to meet, but in 1945 Usigli returned to London. While there, he visited Shaw unannounced. Despite this, the meeting was friendly and Usigli returned a few days later to discuss, amongst other topics, Usigli&#8217;s play <em>Corona de sombra<\/em> and his work on <em>Corona de luz<\/em>. Following their meeting, the two continued to exchange letters. \u00a0The Archive contains these letters as well as other mementos of their meeting including a film (shown here) and photographs of the meeting, telegrams, and Usigli\u2019s drafts of an article documenting their conversations.<\/p>\n\n\n<div style=\"position:relative;padding-bottom:56.25%;height:0;overflow:hidden;\">\n<iframe id=\"kaltura_player_1749476273\" src=\"https:\/\/cdnapisec.kaltura.com\/p\/886232\/sp\/88623200\/embedIframeJs\/uiconf_id\/28059402\/partner_id\/886232?iframeembed=true&#038;playerId=kaltura_player_1749476273&#038;entry_id=1_quhk7m0s\" style=\"position:absolute;top:0;left:0;width:100%;height:100%;border:0;\" allowfullscreen allow=\"autoplay *; fullscreen *; encrypted-media *\" frameborder=\"0\"><\/iframe>\n<\/div>\n","protected":false},"excerpt":{"rendered":"<p>ABOUT THE COLLECTION The Usigli Archive is a repository of the papers of Rodolfo Usigli (1905-1979), Mexican playwright, essayist and diplomat. The Archive is the definitive research collection relating to Usigli&#8217;s life and career, including correspondence, both manuscript and typed<span class=\"ellipsis\">&hellip;<\/span><\/p>\n<div class=\"read-more\"><a href=\"https:\/\/spec.lib.miamioh.edu\/home\/usigli\/\">Read more &#8250;<\/a><\/div>\n<p><!-- end of .read-more --><\/p>\n","protected":false},"author":11,"featured_media":0,"parent":0,"menu_order":0,"comment_status":"closed","ping_status":"closed","template":"","meta":{"footnotes":""},"class_list":["post-3931","page","type-page","status-publish","hentry"],"_links":{"self":[{"href":"https:\/\/spec.lib.miamioh.edu\/home\/wp-json\/wp\/v2\/pages\/3931","targetHints":{"allow":["GET"]}}],"collection":[{"href":"https:\/\/spec.lib.miamioh.edu\/home\/wp-json\/wp\/v2\/pages"}],"about":[{"href":"https:\/\/spec.lib.miamioh.edu\/home\/wp-json\/wp\/v2\/types\/page"}],"author":[{"embeddable":true,"href":"https:\/\/spec.lib.miamioh.edu\/home\/wp-json\/wp\/v2\/users\/11"}],"replies":[{"embeddable":true,"href":"https:\/\/spec.lib.miamioh.edu\/home\/wp-json\/wp\/v2\/comments?post=3931"}],"version-history":[{"count":73,"href":"https:\/\/spec.lib.miamioh.edu\/home\/wp-json\/wp\/v2\/pages\/3931\/revisions"}],"predecessor-version":[{"id":12175,"href":"https:\/\/spec.lib.miamioh.edu\/home\/wp-json\/wp\/v2\/pages\/3931\/revisions\/12175"}],"wp:attachment":[{"href":"https:\/\/spec.lib.miamioh.edu\/home\/wp-json\/wp\/v2\/media?parent=3931"}],"curies":[{"name":"wp","href":"https:\/\/api.w.org\/{rel}","templated":true}]}}